{"id":67,"date":"2024-11-20T10:11:01","date_gmt":"2024-11-20T10:11:01","guid":{"rendered":"https:\/\/www.centrumaromaterapii.pl\/?page_id=67"},"modified":"2024-11-22T18:41:34","modified_gmt":"2024-11-22T18:41:34","slug":"centrum-aromaterapii","status":"publish","type":"page","link":"https:\/\/www.centrumaromaterapii.pl\/","title":{"rendered":"Centrum Aromaterapii"},"content":{"rendered":"\n<div class=\"wp-block-group alignfull has-accent-2-background-color has-background has-global-padding is-layout-constrained wp-container-core-group-is-layout-2 wp-block-group-is-layout-constrained\" style=\"min-height:0vh;margin-top:0;margin-bottom:0;padding-top:var(--wp--preset--spacing--40);padding-right:var(--wp--preset--spacing--40);padding-bottom:var(--wp--preset--spacing--40);padding-left:var(--wp--preset--spacing--40)\">\n<div class=\"wp-block-group has-global-padding is-layout-constrained wp-container-core-group-is-layout-1 wp-block-group-is-layout-constrained\" style=\"padding-top:99px;padding-bottom:99px\">\n<h2 class=\"wp-block-heading has-text-align-center is-style-default has-accent-3-color has-text-color has-link-color wp-elements-baa9310cb57f2df4e22b0fe2b65038fe\" style=\"margin-right:0;margin-left:0;padding-right:0;padding-left:0;font-size:clamp(2.2rem, 2.2rem + ((1vw - 0.2rem) * 2.824), 4rem);font-style:normal;font-weight:800\">Witaj w Centrum Aromaterapii<\/h2>\n\n\n\n<p class=\"has-text-align-center has-accent-3-color has-text-color has-link-color has-large-font-size wp-elements-711217159f1363250780022455372039\">Stowarzyszeniu, z kt\u00f3rym nauczysz si\u0119 \u015bwiadomie i bezpiecznie korzysta\u0107 z mocy medycyny ro\u015blin.<\/p>\n\n\n\n<figure class=\"wp-block-image aligncenter size-full is-resized\"><img loading=\"lazy\" decoding=\"async\" width=\"890\" height=\"995\" src=\"https:\/\/www.centrumaromaterapii.pl\/wp-content\/uploads\/2024\/11\/CA-info-9.png\" alt=\"\" class=\"wp-image-395\" style=\"width:143px;height:auto\" srcset=\"https:\/\/www.centrumaromaterapii.pl\/wp-content\/uploads\/2024\/11\/CA-info-9.png 890w, https:\/\/www.centrumaromaterapii.pl\/wp-content\/uploads\/2024\/11\/CA-info-9-268x300.png 268w, https:\/\/www.centrumaromaterapii.pl\/wp-content\/uploads\/2024\/11\/CA-info-9-768x859.png 768w\" sizes=\"auto, (max-width: 890px) 100vw, 890px\" \/><\/figure>\n<\/div>\n<\/div>\n\n\n\n<div class=\"wp-block-group alignfull is-style-default has-global-padding is-layout-constrained wp-block-group-is-layout-constrained\" style=\"margin-top:0;margin-bottom:0;padding-top:var(--wp--preset--spacing--60);padding-bottom:var(--wp--preset--spacing--60)\">\n<div class=\"wp-block-columns alignwide is-layout-flex wp-container-core-columns-is-layout-1 wp-block-columns-is-layout-flex\">\n<div class=\"wp-block-column is-layout-flow wp-block-column-is-layout-flow\">\n<div class=\"wp-block-group is-style-default is-vertical is-content-justification-center is-layout-flex wp-container-core-group-is-layout-4 wp-block-group-is-layout-flex\" style=\"min-height:100%\">\n<blockquote class=\"wp-block-quote is-style-plain has-x-large-font-size is-layout-flow wp-container-core-quote-is-layout-1 wp-block-quote-is-layout-flow is-style-plain--1\" style=\"font-style:normal;font-weight:400\">\n<div class=\"wp-block-group has-global-padding is-content-justification-left is-layout-constrained wp-container-core-group-is-layout-3 wp-block-group-is-layout-constrained\" style=\"margin-top:0;margin-bottom:0;padding-top:0;padding-right:0;padding-bottom:0;padding-left:0\">\n<p class=\"has-text-align-center has-accent-3-color has-text-color has-link-color has-large-font-size wp-elements-d937e4ed9194b9f11eee63773bfb676f\" style=\"font-style:normal;font-weight:300\">Celem stowarzyszenia jest promowanie i rozw\u00f3j aromaterapii w Polsce. Wspieranie zdrowia i harmonii w \u017cyciu ka\u017cdego cz\u0142owieka.<\/p>\n\n\n\n<p class=\"has-text-align-center has-accent-3-color has-text-color has-link-color has-large-font-size wp-elements-dce0ead649f0184ea5dfaceb09f1c7f7\" style=\"font-style:normal;font-weight:200\">Robimy to poprzez edukacj\u0119, praktyk\u0119 i propagowanie \u015bwiadomego stosowania olejk\u00f3w eterycznych klasy terapeutycznej w aspekcie zdrowia fizycznego i emocjonalnego.<\/p>\n\n\n\n<div style=\"height:10px\" aria-hidden=\"true\" class=\"wp-block-spacer\"><\/div>\n\n\n\n<div class=\"wp-block-buttons is-content-justification-center is-layout-flex wp-container-core-buttons-is-layout-1 wp-block-buttons-is-layout-flex\">\n<div class=\"wp-block-button has-custom-font-size is-style-fill has-small-font-size\"><a class=\"wp-block-button__link has-accent-3-color has-accent-1-background-color has-text-color has-background has-link-color has-text-align-center wp-element-button\" href=\"https:\/\/drive.google.com\/file\/d\/1HKt67QzQws2b7j28xzRzmH3pkdlGgREk\/view?usp=drivesdk\">Do\u0142\u0105cz do nas \u2013 pobierz deklaracj\u0119<\/a><\/div>\n<\/div>\n<\/div>\n<\/blockquote>\n<\/div>\n<\/div>\n\n\n\n<div class=\"wp-block-column is-layout-flow wp-block-column-is-layout-flow\" style=\"padding-top:0;padding-right:0;padding-bottom:0;padding-left:0\">\n<figure class=\"wp-block-image size-large wp-duotone-unset-2\"><img loading=\"lazy\" decoding=\"async\" width=\"1024\" height=\"1024\" src=\"http:\/\/www.centrumaromaterapii.pl\/wp-content\/uploads\/2024\/11\/CA-info-4-1-1024x1024.png\" alt=\"\" class=\"wp-image-220\" style=\"aspect-ratio:1;object-fit:contain\" srcset=\"https:\/\/www.centrumaromaterapii.pl\/wp-content\/uploads\/2024\/11\/CA-info-4-1-1024x1024.png 1024w, https:\/\/www.centrumaromaterapii.pl\/wp-content\/uploads\/2024\/11\/CA-info-4-1-300x300.png 300w, https:\/\/www.centrumaromaterapii.pl\/wp-content\/uploads\/2024\/11\/CA-info-4-1-150x150.png 150w, https:\/\/www.centrumaromaterapii.pl\/wp-content\/uploads\/2024\/11\/CA-info-4-1-768x768.png 768w, https:\/\/www.centrumaromaterapii.pl\/wp-content\/uploads\/2024\/11\/CA-info-4-1.png 1080w\" sizes=\"auto, (max-width: 1024px) 100vw, 1024px\" \/><\/figure>\n<\/div>\n<\/div>\n<\/div>\n\n\n\n<aside class=\"wp-block-group alignfull is-style-section-1 has-accent-2-background-color has-background has-global-padding is-layout-constrained wp-container-core-group-is-layout-7 wp-block-group-is-layout-constrained is-style-section-1--3\" style=\"margin-top:0;margin-bottom:0;padding-top:var(--wp--preset--spacing--50);padding-right:var(--wp--preset--spacing--50);padding-bottom:var(--wp--preset--spacing--50);padding-left:var(--wp--preset--spacing--50);background-image:url(&#039;https:\/\/www.centrumaromaterapii.pl\/wp-content\/uploads\/2024\/11\/kwiat-1.png&#039;);background-position:50% 50%;background-repeat:no-repeat;background-size:contain;background-attachment:fixed;\">\n<div class=\"wp-block-group has-background is-vertical is-content-justification-center is-layout-flex wp-container-core-group-is-layout-6 wp-block-group-is-layout-flex wp-container-5 is-position-sticky\" style=\"background-color:#f2f0e6d4;min-height:0px;margin-top:var(--wp--preset--spacing--50);margin-bottom:var(--wp--preset--spacing--50);padding-top:var(--wp--preset--spacing--50);padding-bottom:var(--wp--preset--spacing--50)\">\n<h2 class=\"wp-block-heading has-text-align-center has-accent-3-color has-text-color has-link-color has-xx-large-font-size wp-elements-67f36d6657aa622b53d09b56ef487e31\">Aromaterapia<\/h2>\n\n\n\n<p class=\"has-text-align-center is-style-text-subtitle has-accent-3-color has-text-color has-link-color wp-elements-cd5212b32e6b1b515a92557680879cb5 is-style-text-subtitle--4\">Luksus prostych rozwi\u0105za\u0144 w przestrzeni Twojego \u017cycia<\/p>\n<\/div>\n<\/aside>\n\n\n\n<aside class=\"wp-block-group alignfull is-style-section-1 has-accent-1-background-color has-background has-global-padding is-layout-constrained wp-container-core-group-is-layout-9 wp-block-group-is-layout-constrained is-style-section-1--6\" id=\"wydarzenia\" style=\"margin-top:0;margin-bottom:0;padding-top:var(--wp--preset--spacing--50);padding-right:var(--wp--preset--spacing--50);padding-bottom:var(--wp--preset--spacing--50);padding-left:var(--wp--preset--spacing--50)\">\n<div class=\"wp-block-group is-vertical is-content-justification-center is-layout-flex wp-container-core-group-is-layout-8 wp-block-group-is-layout-flex\" style=\"min-height:360px;margin-top:0;margin-bottom:0\">\n<h2 class=\"wp-block-heading has-text-align-center has-accent-3-color has-text-color has-link-color has-xx-large-font-size wp-elements-f9d8d287fe52c25a6be3af80bdd6490d\">Spotkaj si\u0119 z nami!<\/h2>\n\n\n\n<p class=\"has-text-align-center is-style-text-subtitle has-accent-3-color has-text-color has-link-color wp-elements-753eb2a4612d70413a43a276f594e647 is-style-text-subtitle--7\">podczas Targ\u00f3w Slow Weekend w Warszawie<br>7-8 grudnia&nbsp;PGE Narodowy<\/p>\n\n\n\n<div class=\"wp-block-buttons is-layout-flex wp-block-buttons-is-layout-flex\">\n<div class=\"wp-block-button has-custom-width wp-block-button__width-100 has-custom-font-size is-style-fill has-small-font-size\"><a class=\"wp-block-button__link has-accent-1-color has-accent-3-background-color has-text-color has-background has-link-color has-text-align-center wp-element-button\" href=\"http:\/\/jestemslow.pl\">jestemslow.pl<\/a><\/div>\n<\/div>\n<\/div>\n<\/aside>\n\n\n\n<p><\/p>\n","protected":false},"excerpt":{"rendered":"<p>Witaj w Centrum Aromaterapii Stowarzyszeniu, z kt\u00f3rym nauczysz si\u0119 \u015bwiadomie i bezpiecznie korzysta\u0107 z mocy medycyny ro\u015blin. Celem stowarzyszenia jest promowanie i rozw\u00f3j aromaterapii w Polsce. Wspieranie zdrowia i harmonii w \u017cyciu ka\u017cdego cz\u0142owieka. Robimy to poprzez edukacj\u0119, praktyk\u0119 i propagowanie \u015bwiadomego stosowania olejk\u00f3w eterycznych klasy terapeutycznej w aspekcie zdrowia fizycznego i emocjonalnego. Aromaterapia Luksus [&hellip;]<\/p>\n","protected":false},"author":1,"featured_media":0,"parent":0,"menu_order":0,"comment_status":"closed","ping_status":"closed","template":"page-no-title","meta":{"footnotes":""},"class_list":["post-67","page","type-page","status-publish","hentry"],"_links":{"self":[{"href":"https:\/\/www.centrumaromaterapii.pl\/index.php?rest_route=\/wp\/v2\/pages\/67","targetHints":{"allow":["GET"]}}],"collection":[{"href":"https:\/\/www.centrumaromaterapii.pl\/index.php?rest_route=\/wp\/v2\/pages"}],"about":[{"href":"https:\/\/www.centrumaromaterapii.pl\/index.php?rest_route=\/wp\/v2\/types\/page"}],"author":[{"embeddable":true,"href":"https:\/\/www.centrumaromaterapii.pl\/index.php?rest_route=\/wp\/v2\/users\/1"}],"replies":[{"embeddable":true,"href":"https:\/\/www.centrumaromaterapii.pl\/index.php?rest_route=%2Fwp%2Fv2%2Fcomments&post=67"}],"version-history":[{"count":93,"href":"https:\/\/www.centrumaromaterapii.pl\/index.php?rest_route=\/wp\/v2\/pages\/67\/revisions"}],"predecessor-version":[{"id":409,"href":"https:\/\/www.centrumaromaterapii.pl\/index.php?rest_route=\/wp\/v2\/pages\/67\/revisions\/409"}],"wp:attachment":[{"href":"https:\/\/www.centrumaromaterapii.pl\/index.php?rest_route=%2Fwp%2Fv2%2Fmedia&parent=67"}],"curies":[{"name":"wp","href":"https:\/\/api.w.org\/{rel}","templated":true}]}}